{"id":416,"date":"2018-02-09T10:14:29","date_gmt":"2018-02-09T09:14:29","guid":{"rendered":"http:\/\/www.lelaha.com\/?page_id=416"},"modified":"2026-01-15T09:10:20","modified_gmt":"2026-01-15T08:10:20","slug":"camping-leon","status":"publish","type":"page","link":"https:\/\/www.lelaha.com\/en\/les-landes-et-ses-alentours\/camping-leon\/","title":{"rendered":"L\u00e9on"},"content":{"rendered":"<p>[vc_row el_class=&#8221;bggrey flower&#8221;][vc_column][vc_row_inner el_class=&#8221;wrap&#8221;][vc_column_inner width=&#8221;1\/2&#8243;][vc_column_text el_class=&#8221;center txt-first-row txt-blue&#8221; css=&#8221;.vc_custom_1768464618281{margin-bottom: 70px !important;}&#8221;]A seulement\u00a0\u00a0 20 mn du camping, L\u00e9on est le paradis des familles.<\/p>\n<p>Vous pourrez vous baigner dans le lac, les plus jeunes s&#8217;amuseront en toute s\u00e9r\u00e9nit\u00e9 dans l&#8217;eau ou sur la plage.<\/p>\n<p>Bien d&#8217;autres activit\u00e9s sont possibles\u00a0: p\u00e9dalos, bateaux \u00e9lectriques sans permis, cano\u00eb kayak.<\/p>\n<p>Envie de s&#8217;amuser en famille ou entre amis\u00a0? Passez un bon moment de plaisir au mini golf du lac.<\/p>\n<p>Envie de sensations fortes\u00a0? \u00c9voluez d&#8217;arbre en arbre \u00e0 L&#8217;Aventure Park L\u00e0 Haut. Ce parcours accrobranche est adapt\u00e9 \u00e0 toute la famille.<\/p>\n<p>Envie de gourmandise\u00a0: visitez la chocolaterie artisanale L\u2019\u00c9talon noire et d\u00e9gustez les douceurs faites maison.<\/p>\n<p>Envie de nature\u00a0? La r\u00e9serve naturelle du courant d&#8217;Huchet, class\u00e9e site Natura 2000 vous comblera. Ce site remarquable \u00e0 la faune et la flore impressionnantes raccorde l&#8217;\u00e9tang de L\u00e9on \u00e0 l&#8217;oc\u00e9an. Il peut-\u00eatre visit\u00e9 de diff\u00e9rentes fa\u00e7ons\u00a0: parcours p\u00e9destres avec ou sans guide ou en barque avec un batelier.<\/p>\n<p><em>Les photos de Leon nous ont \u00e9t\u00e9 fournies par la CLNT. Merci \u00e0 Benjamin FAURE, Yohan Espiaube et Sophie Pawlak.<\/em>[\/vc_column_text][\/vc_column_inner][vc_column_inner width=&#8221;1\/2&#8243;][vc_empty_space height=&#8221;47px&#8221;][vc_images_carousel images=&#8221;2817,2861,2822,2852,2854,2856&#8243; img_size=&#8221;full&#8221;][\/vc_column_inner][\/vc_row_inner][vc_single_image image=&#8221;38&#8243; img_size=&#8221;full&#8221; el_class=&#8221;img-sepa&#8221;][\/vc_column][\/vc_row][vc_row][vc_column][vc_empty_space][\/vc_column][\/vc_row]<\/p>\n","protected":false},"excerpt":{"rendered":"<p>[vc_row el_class=&#8221;bggrey flower&#8221;][vc_column][vc_row_inner el_class=&#8221;wrap&#8221;][vc_column_inner width=&#8221;1\/2&#8243;][vc_column_text el_class=&#8221;center txt-first-row txt-blue&#8221; css=&#8221;.vc_custom_1768464618281{margin-bottom: 70px [&hellip;]<\/p>\n<a href=\"https:\/\/www.lelaha.com\/en\/les-landes-et-ses-alentours\/camping-leon\/\">View Post<\/a>","protected":false},"author":1,"featured_media":2833,"parent":297,"menu_order":0,"comment_status":"closed","ping_status":"closed","template":"page-templates\/full.php","meta":{"_acf_changed":false,"footnotes":""},"class_list":["post-416","page","type-page","status-publish","has-post-thumbnail","hentry"],"acf":[],"_links":{"self":[{"href":"https:\/\/www.lelaha.com\/en\/wp-json\/wp\/v2\/pages\/416"}],"collection":[{"href":"https:\/\/www.lelaha.com\/en\/wp-json\/wp\/v2\/pages"}],"about":[{"href":"https:\/\/www.lelaha.com\/en\/wp-json\/wp\/v2\/types\/page"}],"author":[{"embeddable":true,"href":"https:\/\/www.lelaha.com\/en\/wp-json\/wp\/v2\/users\/1"}],"replies":[{"embeddable":true,"href":"https:\/\/www.lelaha.com\/en\/wp-json\/wp\/v2\/comments?post=416"}],"version-history":[{"count":17,"href":"https:\/\/www.lelaha.com\/en\/wp-json\/wp\/v2\/pages\/416\/revisions"}],"predecessor-version":[{"id":2864,"href":"https:\/\/www.lelaha.com\/en\/wp-json\/wp\/v2\/pages\/416\/revisions\/2864"}],"up":[{"embeddable":true,"href":"https:\/\/www.lelaha.com\/en\/wp-json\/wp\/v2\/pages\/297"}],"wp:featuredmedia":[{"embeddable":true,"href":"https:\/\/www.lelaha.com\/en\/wp-json\/wp\/v2\/media\/2833"}],"wp:attachment":[{"href":"https:\/\/www.lelaha.com\/en\/wp-json\/wp\/v2\/media?parent=416"}],"curies":[{"name":"wp","href":"https:\/\/api.w.org\/{rel}","templated":true}]}}